{"id":88,"date":"2025-07-12T20:13:27","date_gmt":"2025-07-12T20:13:27","guid":{"rendered":"https:\/\/extractos.medicosenchile.info\/?page_id=88"},"modified":"2025-07-28T22:37:58","modified_gmt":"2025-07-28T22:37:58","slug":"empresa","status":"publish","type":"page","link":"https:\/\/extractos.medicosenchile.info\/index.php\/empresa\/","title":{"rendered":"Empresa"},"content":{"rendered":"<p>[et_pb_section fb_built=&#8221;1&#8243; _builder_version=&#8221;4.27.4&#8243; _module_preset=&#8221;default&#8221; custom_padding=&#8221;25px||11px|||&#8221; global_colors_info=&#8221;{}&#8221;][et_pb_row _builder_version=&#8221;4.27.4&#8243; _module_preset=&#8221;default&#8221; global_colors_info=&#8221;{}&#8221;][et_pb_column type=&#8221;4_4&#8243; _builder_version=&#8221;4.27.4&#8243; _module_preset=&#8221;default&#8221; global_colors_info=&#8221;{}&#8221;][et_pb_text _builder_version=&#8221;4.27.4&#8243; _module_preset=&#8221;default&#8221; global_colors_info=&#8221;{}&#8221;]<\/p>\n<h1 class=\"line-divider\">Extractos Metabolika<\/h1>\n<p>Es una empresa<span style=\"font-size: 14px;\"> fundada en 2002<\/span>\u00a0en el sector biotecnol\u00f3gico, dedicada a la comercializaci\u00f3n de extractos naturales a nivel mundial, obtenidos de plantas frescas, frutas y hierbas seleccionadas, as\u00ed como prote\u00ednas animales para la industria cosm\u00e9tica.<\/p>\n<p>La estrategia de la compa\u00f1\u00eda desde el comienzo se ha basado en la innovaci\u00f3n constante, entender las necesidades del cliente, proporcionar soluciones, trabajar de forma conjunta por y para el cliente, desarrollar nuevas tecnolog\u00edas de proceso, asegurando el respeto por el medio ambiente, calidad y seguridad de los productos.<\/p>\n<p>Entendemos que hoy en d\u00eda la innovaci\u00f3n es factor importante para competir en el mercado, adem\u00e1s de ser la clave para fortalecer la relaci\u00f3n con nuestros clientes y por ello la l\u00ednea de productos que ofrecemos ha sido desarrollada a trav\u00e9s de tecnolog\u00eda de punta y con un equipo altamente competitivo, que ha establecido la metodolog\u00eda \u00f3ptima y los m\u00e1s altos est\u00e1ndares de calidad para cada uno de nuestros productos.<\/p>\n<p>[\/et_pb_text][\/et_pb_column][\/et_pb_row][et_pb_row column_structure=&#8221;3_5,2_5&#8243; _builder_version=&#8221;4.27.4&#8243; _module_preset=&#8221;default&#8221; global_colors_info=&#8221;{}&#8221;][et_pb_column type=&#8221;3_5&#8243; _builder_version=&#8221;4.27.4&#8243; _module_preset=&#8221;default&#8221; global_colors_info=&#8221;{}&#8221;][et_pb_text _builder_version=&#8221;4.27.4&#8243; _module_preset=&#8221;default&#8221; global_colors_info=&#8221;{}&#8221;]<\/p>\n<p><span style=\"color: #000000;\">Nuestro centro de distribuci\u00f3n se ubica en la zona Centro del pa\u00eds, regi\u00f3n de mayor crecimiento y proyecci\u00f3n de M\u00e9xico.<\/span><\/p>\n<p><span style=\"color: #000000;\">Las oficinas se localizan en la Ciudad de M\u00e9xico, \u00c1lvaro Obreg\u00f3n No. 270, Oficina 150, Col. Condesa, C.P. 06140, Del. Cuauht\u00e9moc.<\/span><\/p>\n<p>.<\/p>\n<p>[\/et_pb_text][\/et_pb_column][et_pb_column type=&#8221;2_5&#8243; _builder_version=&#8221;4.27.4&#8243; _module_preset=&#8221;default&#8221; global_colors_info=&#8221;{}&#8221;][et_pb_image src=&#8221;https:\/\/extractos.medicosenchile.info\/wp-content\/uploads\/2025\/07\/f-instalaciones.jpg&#8221; title_text=&#8221;f-instalaciones&#8221; _builder_version=&#8221;4.27.4&#8243; _module_preset=&#8221;default&#8221; global_colors_info=&#8221;{}&#8221;][\/et_pb_image][\/et_pb_column][\/et_pb_row][et_pb_row _builder_version=&#8221;4.27.4&#8243; _module_preset=&#8221;default&#8221; global_colors_info=&#8221;{}&#8221;][et_pb_column type=&#8221;4_4&#8243; _builder_version=&#8221;4.27.4&#8243; _module_preset=&#8221;default&#8221; global_colors_info=&#8221;{}&#8221;][et_pb_image src=&#8221;https:\/\/extractos.medicosenchile.info\/wp-content\/uploads\/2025\/07\/inno-removebg-preview.png&#8221; title_text=&#8221;inno-removebg-preview&#8221; align=&#8221;center&#8221; _builder_version=&#8221;4.27.4&#8243; _module_preset=&#8221;default&#8221; global_colors_info=&#8221;{}&#8221;][\/et_pb_image][\/et_pb_column][\/et_pb_row][\/et_pb_section][et_pb_section fb_built=&#8221;1&#8243; admin_label=&#8221;Footer&#8221; _builder_version=&#8221;4.27.4&#8243; background_color=&#8221;#6B6B6B&#8221; background_enable_image=&#8221;off&#8221; custom_padding=&#8221;||2px|||&#8221; locked=&#8221;off&#8221; global_colors_info=&#8221;{}&#8221;][et_pb_row column_structure=&#8221;1_3,1_3,1_3&#8243; make_equal=&#8221;on&#8221; _builder_version=&#8221;4.16&#8243; custom_padding=&#8221;||0px|||&#8221; locked=&#8221;off&#8221; global_colors_info=&#8221;{}&#8221;][et_pb_column type=&#8221;1_3&#8243; _builder_version=&#8221;4.16&#8243; global_colors_info=&#8221;{}&#8221;][et_pb_text _builder_version=&#8221;4.27.4&#8243; text_line_height=&#8221;1.8em&#8221; link_text_align=&#8221;left&#8221; link_text_color=&#8221;#ffffff&#8221; header_4_font=&#8221;Montserrat|700||on|||||&#8221; header_4_text_color=&#8221;rgba(255,255,255,0.5)&#8221; header_4_font_size=&#8221;14px&#8221; header_4_letter_spacing=&#8221;2px&#8221; header_4_line_height=&#8221;1.4em&#8221; background_layout=&#8221;dark&#8221; max_width=&#8221;600px&#8221; locked=&#8221;off&#8221; global_colors_info=&#8221;{}&#8221;]<\/p>\n<h4><span style=\"color: #ffffff;\">P\u00e1ginas<\/span><\/h4>\n<ul>\n<li class=\"page_item\">Inicio<\/li>\n<li class=\"page_item\">Empresa<\/li>\n<li class=\"page_item\">Productos<\/li>\n<li class=\"page_item\">Contacto<\/li>\n<\/ul>\n<p>[\/et_pb_text][\/et_pb_column][et_pb_column type=&#8221;1_3&#8243; _builder_version=&#8221;4.16&#8243; global_colors_info=&#8221;{}&#8221;][et_pb_text _builder_version=&#8221;4.27.4&#8243; text_line_height=&#8221;1.8em&#8221; link_text_align=&#8221;left&#8221; link_text_color=&#8221;#ffffff&#8221; header_4_font=&#8221;Montserrat|700||on|||||&#8221; header_4_text_color=&#8221;rgba(255,255,255,0.5)&#8221; header_4_font_size=&#8221;14px&#8221; header_4_letter_spacing=&#8221;2px&#8221; header_4_line_height=&#8221;1.4em&#8221; background_layout=&#8221;dark&#8221; max_width=&#8221;600px&#8221; locked=&#8221;off&#8221; global_colors_info=&#8221;{}&#8221;]<\/p>\n<h4><span style=\"color: #ffffff;\">L\u00ednea de Productos<\/span><\/h4>\n<ul>\n<li><a href=\"http:\/\/extractosmetabolika.com.mx\/extractos-frutales.php\">Extractos Frutales<\/a><\/li>\n<li><a href=\"http:\/\/extractosmetabolika.com.mx\/extractos-herbales.php\">Extractos Herbales<\/a><\/li>\n<li><a href=\"http:\/\/extractosmetabolika.com.mx\/extractos-de-origen-animal.php\">Extractos de Origen Animal<\/a><\/li>\n<li><a href=\"http:\/\/extractosmetabolika.com.mx\/fusiones-naturales.php\">Fusiones Naturales<\/a><\/li>\n<\/ul>\n<p>[\/et_pb_text][\/et_pb_column][et_pb_column type=&#8221;1_3&#8243; _builder_version=&#8221;4.16&#8243; global_colors_info=&#8221;{}&#8221;][et_pb_text _builder_version=&#8221;4.27.4&#8243; text_line_height=&#8221;1.8em&#8221; link_text_align=&#8221;left&#8221; link_text_color=&#8221;#ffffff&#8221; header_4_font=&#8221;Montserrat|700||on|||||&#8221; header_4_text_color=&#8221;rgba(255,255,255,0.5)&#8221; header_4_font_size=&#8221;14px&#8221; header_4_letter_spacing=&#8221;2px&#8221; header_4_line_height=&#8221;1.4em&#8221; background_layout=&#8221;dark&#8221; max_width=&#8221;600px&#8221; locked=&#8221;off&#8221; global_colors_info=&#8221;{}&#8221;]<\/p>\n<h4><span style=\"color: #ffffff;\">Instalaciones<\/span><\/h4>\n<p><span>Nuestro centro de distribuci\u00f3n se ubica en la zona Centro del pa\u00eds, regi\u00f3n de mayor crecimiento y proyecci\u00f3n de M\u00e9xico.<\/span><\/p>\n<p><span>Las oficinas se localizan en San Marcos No. 134, Colonia Tlalpan Centro, C.P. 14000, Del. Tlalpan, Ciudad de M\u00e9xico<\/span><\/p>\n<p>[\/et_pb_text][\/et_pb_column][\/et_pb_row][et_pb_row _builder_version=&#8221;4.27.4&#8243; _module_preset=&#8221;default&#8221; global_colors_info=&#8221;{}&#8221;][et_pb_column type=&#8221;4_4&#8243; _builder_version=&#8221;4.27.4&#8243; _module_preset=&#8221;default&#8221; global_colors_info=&#8221;{}&#8221;][et_pb_social_media_follow _builder_version=&#8221;4.27.4&#8243; _module_preset=&#8221;default&#8221; text_orientation=&#8221;center&#8221; global_colors_info=&#8221;{}&#8221;][et_pb_social_media_follow_network social_network=&#8221;facebook&#8221; icon_color=&#8221;#FFFFFF&#8221; use_icon_font_size=&#8221;on&#8221; icon_font_size=&#8221;20px&#8221; _builder_version=&#8221;4.27.4&#8243; _module_preset=&#8221;default&#8221; background_color=&#8221;#000000&#8243; background_enable_color=&#8221;on&#8221; custom_button=&#8221;on&#8221; button_border_radius=&#8221;0px&#8221; border_radii=&#8221;on||||&#8221; global_colors_info=&#8221;{}&#8221; follow_button=&#8221;off&#8221; url_new_window=&#8221;on&#8221;]facebook[\/et_pb_social_media_follow_network][et_pb_social_media_follow_network social_network=&#8221;twitter&#8221; icon_color=&#8221;#FFFFFF&#8221; use_icon_font_size=&#8221;on&#8221; icon_font_size=&#8221;20px&#8221; _builder_version=&#8221;4.27.4&#8243; _module_preset=&#8221;default&#8221; background_color=&#8221;#000000&#8243; background_enable_color=&#8221;on&#8221; custom_button=&#8221;on&#8221; button_border_radius=&#8221;0px&#8221; border_radii=&#8221;on||||&#8221; global_colors_info=&#8221;{}&#8221; follow_button=&#8221;off&#8221; url_new_window=&#8221;on&#8221;]X[\/et_pb_social_media_follow_network][\/et_pb_social_media_follow][\/et_pb_column][\/et_pb_row][\/et_pb_section]<\/p>\n","protected":false},"excerpt":{"rendered":"<p>Extractos Metabolika Es una empresa fundada en 2002\u00a0en el sector biotecnol\u00f3gico, dedicada a la comercializaci\u00f3n de extractos naturales a nivel mundial, obtenidos de plantas frescas, frutas y hierbas seleccionadas, as\u00ed como prote\u00ednas animales para la industria cosm\u00e9tica. La estrategia de la compa\u00f1\u00eda desde el comienzo se ha basado en la innovaci\u00f3n constante, entender las necesidades [&hellip;]<\/p>\n","protected":false},"author":1,"featured_media":0,"parent":0,"menu_order":0,"comment_status":"closed","ping_status":"closed","template":"","meta":{"_et_pb_use_builder":"on","_et_pb_old_content":"","_et_gb_content_width":"","footnotes":""},"class_list":["post-88","page","type-page","status-publish","hentry"],"_links":{"self":[{"href":"https:\/\/extractos.medicosenchile.info\/index.php\/wp-json\/wp\/v2\/pages\/88","targetHints":{"allow":["GET"]}}],"collection":[{"href":"https:\/\/extractos.medicosenchile.info\/index.php\/wp-json\/wp\/v2\/pages"}],"about":[{"href":"https:\/\/extractos.medicosenchile.info\/index.php\/wp-json\/wp\/v2\/types\/page"}],"author":[{"embeddable":true,"href":"https:\/\/extractos.medicosenchile.info\/index.php\/wp-json\/wp\/v2\/users\/1"}],"replies":[{"embeddable":true,"href":"https:\/\/extractos.medicosenchile.info\/index.php\/wp-json\/wp\/v2\/comments?post=88"}],"version-history":[{"count":8,"href":"https:\/\/extractos.medicosenchile.info\/index.php\/wp-json\/wp\/v2\/pages\/88\/revisions"}],"predecessor-version":[{"id":291,"href":"https:\/\/extractos.medicosenchile.info\/index.php\/wp-json\/wp\/v2\/pages\/88\/revisions\/291"}],"wp:attachment":[{"href":"https:\/\/extractos.medicosenchile.info\/index.php\/wp-json\/wp\/v2\/media?parent=88"}],"curies":[{"name":"wp","href":"https:\/\/api.w.org\/{rel}","templated":true}]}}